{"id":1285,"date":"2025-04-17T11:50:51","date_gmt":"2025-04-17T09:50:51","guid":{"rendered":"https:\/\/www.kbmedshop.ch\/?page_id=1285"},"modified":"2025-06-19T15:30:16","modified_gmt":"2025-06-19T13:30:16","slug":"hopital-ems","status":"publish","type":"page","link":"https:\/\/www.kbmedshop.ch\/fr\/hopital-ems\/","title":{"rendered":"H\u00f4pital \/ EMS"},"content":{"rendered":"<section id=\"stafe-blocks-content-69e42040db4ae\" class=\"stafe-blocks-content sbcontent section section_content-block section_content-no-bg\" >\n        <div class=\"content-block_container\">\n        <div class=\"container content-container-no-element\">\n            \n            \n            \n            <div class=\"content_content\">\n                                    <h2>H\u00f4pital \/ EMS : \u00c9quipements, Maintenance et Services<\/h2>\n<p>&nbsp;<\/p>\n<p>Nous accompagnons les h\u00f4pitaux et EMS (\u00c9tablissements M\u00e9dico-Sociaux) dans l\u2019\u00e9quipement de leurs services m\u00e9dicaux. Nos solutions sont con\u00e7ues pour r\u00e9pondre aux besoins vari\u00e9s des \u00e9tablissements de sant\u00e9, en garantissant qualit\u00e9, fiabilit\u00e9 et s\u00e9curit\u00e9.<\/p>\n                \n                            <\/div>\n        <\/div>\n    <\/div>\n<\/section><section id=\"stafe-blocks-content-69e42040dd164\" class=\"stafe-blocks-content sbcontent section section_content-block section_content-no-bg\" >\n        <div class=\"content-block_container\">\n        <div class=\"container content-container-right-list\">\n            \n                            <div class=\"content_list\">\n                                            <div class=\"list_item\">\n                                                            <div class=\"list-icon\">\n                                    <i class=\"icon stafiniticon-arrow_forward\"><\/i>\n                                <\/div>\n                                                        <div class=\"list-content\">\n                                <p><a href=\"\/?product_cat=matelas-anti-cicatrices\">Lits m\u00e9dicalis\u00e9s\u00a0: Confortables et adapt\u00e9s aux besoins des patients.<\/a><\/p>\n                            <\/div>\n                        <\/div>\n                                            <div class=\"list_item\">\n                                                            <div class=\"list-icon\">\n                                    <i class=\"icon stafiniticon-arrow_forward\"><\/i>\n                                <\/div>\n                                                        <div class=\"list-content\">\n                                <p><a href=\"\/?product_cat=diagnostique\">Mat\u00e9riel de diagnostic\u00a0: \u00c9chographes, moniteurs de signes vitaux, etc.<\/a><\/p>\n                            <\/div>\n                        <\/div>\n                                            <div class=\"list_item\">\n                                                            <div class=\"list-icon\">\n                                    <i class=\"icon stafiniticon-arrow_forward\"><\/i>\n                                <\/div>\n                                                        <div class=\"list-content\">\n                                <p>\u00c9quipements de soins intensifs\u00a0: Ventilateurs, pompes \u00e0 perfusion, etc.<\/p>\n                            <\/div>\n                        <\/div>\n                                            <div class=\"list_item\">\n                                                            <div class=\"list-icon\">\n                                    <i class=\"icon stafiniticon-arrow_forward\"><\/i>\n                                <\/div>\n                                                        <div class=\"list-content\">\n                                <p><a href=\"\/?product_cat=mobilier-medical\">Mobilier m\u00e9dical\u00a0: Chariots, fauteuils roulants, tables d\u2019examen, etc.<\/a><\/p>\n                            <\/div>\n                        <\/div>\n                                            <div class=\"list_item\">\n                                                            <div class=\"list-icon\">\n                                    <i class=\"icon stafiniticon-arrow_forward\"><\/i>\n                                <\/div>\n                                                        <div class=\"list-content\">\n                                <p><a href=\"\/?product_cat=sterilisation-fr\">Syst\u00e8mes de d\u00e9sinfection\u00a0: Pour garantir un environnement s\u00fbr et hygi\u00e9nique.<\/a><\/p>\n                            <\/div>\n                        <\/div>\n                                    <\/div>\n            \n            \n            <div class=\"content_content\">\n                                    <h3>Nos \u00e9quipements pour les h\u00f4pitaux et EMS<\/h3>\n<p>Nous proposons une large gamme d\u2019\u00e9quipements adapt\u00e9s aux diff\u00e9rents services hospitaliers et m\u00e9dico-sociaux :<\/p>\n<p>&nbsp;<\/p>\n<p><img loading=\"lazy\" decoding=\"async\" class=\"alignnone wp-image-2942 \" src=\"https:\/\/www.kbmedshop.ch\/wp-content\/uploads\/2025\/06\/maison-de-repos-300x175.jpg\" alt=\"\" width=\"476\" height=\"278\" srcset=\"https:\/\/www.kbmedshop.ch\/wp-content\/uploads\/2025\/06\/maison-de-repos-300x175.jpg 300w, https:\/\/www.kbmedshop.ch\/wp-content\/uploads\/2025\/06\/maison-de-repos.jpg 600w\" sizes=\"auto, (max-width: 476px) 100vw, 476px\" \/><\/p>\n                \n                            <\/div>\n        <\/div>\n    <\/div>\n<\/section><section id=\"stafe-blocks-content-icon-69e42040e1e22\" class=\"stafe-blocks-content-icon sbcontenticon section section_content-icon-block section_content-icon-no-bg\" >\n            <div class=\"content-icon-block_container container\">\n            <div class=\"content-icon-title\">\n                <h3>Accompagnement sur la maintenance des produits<\/h3>\n<p>Nous proposons un service complet de maintenance pour vos \u00e9quipements hospitaliers et EMS :<\/p>\n            <\/div>\n        <\/div>\n                <div class=\"content-icon_container container\" style=\"--process-count: 3\">\n                            <div class=\"content-icon_item \" >\n                                            <div class=\"content-icon-title\">\n                                                                                        <p>Entretien pr\u00e9ventif\u00a0:<\/p>\n                                                    <\/div>\n                                                                <div class=\"content-icon-content\">\n                            <p>Pour garantir la fiabilit\u00e9 de vos \u00e9quipements.<\/p>\n                        <\/div>\n                                    <\/div>\n                            <div class=\"content-icon_item \" >\n                                            <div class=\"content-icon-title\">\n                                                                                        <p>R\u00e9parations rapides\u00a0:<\/p>\n                                                    <\/div>\n                                                                <div class=\"content-icon-content\">\n                            <p>Intervention sur site ou en atelier.<\/p>\n                        <\/div>\n                                    <\/div>\n                            <div class=\"content-icon_item \" >\n                                            <div class=\"content-icon-title\">\n                                                                                        <p>Mises \u00e0 jour et calibrations\u00a0:<\/p>\n                                                    <\/div>\n                                                                <div class=\"content-icon-content\">\n                            <p>Pour garantir des performances optimales.<\/p>\n                        <\/div>\n                                    <\/div>\n                    <\/div>\n    <\/section><section id=\"stafe-blocks-content-69e42040e3392\" class=\"stafe-blocks-content sbcontent section section_content-block section_content-no-bg\" >\n        <div class=\"content-block_container\">\n        <div class=\"container content-container-left-list\">\n            \n                            <div class=\"content_list\">\n                                            <div class=\"list_item\">\n                                                            <div class=\"list-icon\">\n                                    <i class=\"icon stafiniticon-arrow_forward\"><\/i>\n                                <\/div>\n                                                        <div class=\"list-content\">\n                                <p><a href=\"https:\/\/www.kbmedshop.ch\/fr\/produit\/mikrozid-af-lingettes\/\">Lingettes d\u00e9sinfectantes<\/a><\/p>\n                            <\/div>\n                        <\/div>\n                                            <div class=\"list_item\">\n                                                            <div class=\"list-icon\">\n                                    <i class=\"icon stafiniticon-arrow_forward\"><\/i>\n                                <\/div>\n                                                        <div class=\"list-content\">\n                                <p><a href=\"\/?product_cat=consommables\">Solutions de nettoyage<\/a><\/p>\n                            <\/div>\n                        <\/div>\n                                            <div class=\"list_item\">\n                                                            <div class=\"list-icon\">\n                                    <i class=\"icon stafiniticon-arrow_forward\"><\/i>\n                                <\/div>\n                                                        <div class=\"list-content\">\n                                <p>Accessoires pour \u00e9quipements m\u00e9dicaux<\/p>\n                            <\/div>\n                        <\/div>\n                                            <div class=\"list_item\">\n                                                            <div class=\"list-icon\">\n                                    <i class=\"icon stafiniticon-arrow_forward\"><\/i>\n                                <\/div>\n                                                        <div class=\"list-content\">\n                                <p>Consommables pour soins intensifs<\/p>\n                            <\/div>\n                        <\/div>\n                                    <\/div>\n            \n            \n            <div class=\"content_content\">\n                                    <h3>Fourniture des consommables<\/h3>\n<p>Nous proposons une large gamme de consommables adapt\u00e9s aux besoins des h\u00f4pitaux et EMS :<\/p>\n<p>&nbsp;<\/p>\n<p><img loading=\"lazy\" decoding=\"async\" class=\"alignnone wp-image-2937 \" src=\"https:\/\/www.kbmedshop.ch\/wp-content\/uploads\/2025\/06\/Chambre-HJC-33-300x201.jpeg\" alt=\"\" width=\"465\" height=\"312\" srcset=\"https:\/\/www.kbmedshop.ch\/wp-content\/uploads\/2025\/06\/Chambre-HJC-33-300x201.jpeg 300w, https:\/\/www.kbmedshop.ch\/wp-content\/uploads\/2025\/06\/Chambre-HJC-33-1024x685.jpeg 1024w, https:\/\/www.kbmedshop.ch\/wp-content\/uploads\/2025\/06\/Chambre-HJC-33-768x514.jpeg 768w, https:\/\/www.kbmedshop.ch\/wp-content\/uploads\/2025\/06\/Chambre-HJC-33-1536x1028.jpeg 1536w, https:\/\/www.kbmedshop.ch\/wp-content\/uploads\/2025\/06\/Chambre-HJC-33-2048x1371.jpeg 2048w, https:\/\/www.kbmedshop.ch\/wp-content\/uploads\/2025\/06\/Chambre-HJC-33-600x402.jpeg 600w\" sizes=\"auto, (max-width: 465px) 100vw, 465px\" \/><\/p>\n                \n                            <\/div>\n        <\/div>\n    <\/div>\n<\/section><section id=\"stafe-blocks-content-icon-69e42040e56bb\" class=\"stafe-blocks-content-icon sbcontenticon section section_content-icon-block section_content-icon-no-bg\" >\n            <div class=\"content-icon-block_container container\">\n            <div class=\"content-icon-title\">\n                <h3>Audit sur la st\u00e9rilisation et la d\u00e9sinfection<\/h3>\n<p>Nous vous accompagnons dans l\u2019optimisation de vos pratiques gr\u00e2ce \u00e0 un audit complet :<\/p>\n            <\/div>\n        <\/div>\n                <div class=\"content-icon_container container\" style=\"--process-count: 4\">\n                            <div class=\"content-icon_item \" >\n                                            <div class=\"content-icon-title\">\n                                                                                        <p>Analyse de vos protocoles actuels<\/p>\n                                                    <\/div>\n                                                        <\/div>\n                            <div class=\"content-icon_item \" >\n                                            <div class=\"content-icon-title\">\n                                                                                        <p>Recommandations personnalis\u00e9es<\/p>\n                                                    <\/div>\n                                                        <\/div>\n                            <div class=\"content-icon_item \" >\n                                            <div class=\"content-icon-title\">\n                                                                                        <p>Formation de votre personnel<\/p>\n                                                    <\/div>\n                                                        <\/div>\n                            <div class=\"content-icon_item \" >\n                                            <div class=\"content-icon-title\">\n                                                                                        <p>Rapport d\u00e9taill\u00e9<\/p>\n                                                    <\/div>\n                                                        <\/div>\n                    <\/div>\n    <\/section><section id=\"stafe-blocks-content-icon-69e42040e5e30\" class=\"stafe-blocks-content-icon sbcontenticon section section_content-icon-block section_content-icon-no-bg\" >\n            <div class=\"content-icon-block_container container\">\n            <div class=\"content-icon-title\">\n                <h3>Pourquoi choisir notre expertise pour les h\u00f4pitaux et EMS ?<\/h3>\n            <\/div>\n        <\/div>\n                <div class=\"content-icon_container container\" style=\"--process-count: 4\">\n                            <div class=\"content-icon_item \" >\n                                            <div class=\"content-icon-title\">\n                                                                                        <p>Des solutions adapt\u00e9es\u00a0:<\/p>\n                                                    <\/div>\n                                                                <div class=\"content-icon-content\">\n                            <p>\u00c9quipements et services pour tous les besoins hospitaliers.<\/p>\n                        <\/div>\n                                    <\/div>\n                            <div class=\"content-icon_item \" >\n                                            <div class=\"content-icon-title\">\n                                                                                        <p>Un accompagnement sur mesure\u00a0:<\/p>\n                                                    <\/div>\n                                                                <div class=\"content-icon-content\">\n                            <p>Audit, maintenance et fourniture de consommables.<\/p>\n                        <\/div>\n                                    <\/div>\n                            <div class=\"content-icon_item \" >\n                                            <div class=\"content-icon-title\">\n                                                                                        <p>Un service client r\u00e9actif\u00a0:<\/p>\n                                                    <\/div>\n                                                                <div class=\"content-icon-content\">\n                            <p>Assistance technique et conseils personnalis\u00e9s.<\/p>\n                        <\/div>\n                                    <\/div>\n                            <div class=\"content-icon_item \" >\n                                            <div class=\"content-icon-title\">\n                                                                                        <p>Une plateforme e-commerce intuitive\u00a0:<\/p>\n                                                    <\/div>\n                                                                <div class=\"content-icon-content\">\n                            <p>Commandez vos produits en toute simplicit\u00e9<\/p>\n                        <\/div>\n                                    <\/div>\n                    <\/div>\n    <\/section><div style=\"height:87px\" aria-hidden=\"true\" class=\"wp-block-spacer\"><\/div>","protected":false},"excerpt":{"rendered":"","protected":false},"author":4,"featured_media":0,"parent":0,"menu_order":0,"comment_status":"closed","ping_status":"closed","template":"","meta":{"_acf_changed":false,"footnotes":""},"class_list":["post-1285","page","type-page","status-publish","hentry"],"acf":{"page_role":""},"yoast_head":"<!-- This site is optimized with the Yoast SEO plugin v25.0 - https:\/\/yoast.com\/wordpress\/plugins\/seo\/ -->\n<title>H\u00f4pital \/ EMS - KB Med<\/title>\n<meta name=\"description\" content=\"Explorez nos services d\u00e9di\u00e9s aux h\u00f4pitaux et EMS : \u00e9quipements m\u00e9dicaux de qualit\u00e9 et solutions adapt\u00e9es aux professionnels de sant\u00e9.\" \/>\n<meta name=\"robots\" content=\"index, follow, max-snippet:-1, max-image-preview:large, max-video-preview:-1\" \/>\n<link rel=\"canonical\" href=\"https:\/\/www.kbmedshop.ch\/fr\/hopital-ems\/\" \/>\n<meta property=\"og:locale\" content=\"fr_FR\" \/>\n<meta property=\"og:type\" content=\"article\" \/>\n<meta property=\"og:title\" content=\"H\u00f4pital \/ EMS - KB Med\" \/>\n<meta property=\"og:description\" content=\"Explorez nos services d\u00e9di\u00e9s aux h\u00f4pitaux et EMS : \u00e9quipements m\u00e9dicaux de qualit\u00e9 et solutions adapt\u00e9es aux professionnels de sant\u00e9.\" \/>\n<meta property=\"og:url\" content=\"https:\/\/www.kbmedshop.ch\/fr\/hopital-ems\/\" \/>\n<meta property=\"og:site_name\" content=\"KB Med\" \/>\n<meta property=\"article:modified_time\" content=\"2025-06-19T13:30:16+00:00\" \/>\n<meta name=\"twitter:card\" content=\"summary_large_image\" \/>\n<meta name=\"twitter:label1\" content=\"Dur\u00e9e de lecture estim\u00e9e\" \/>\n\t<meta name=\"twitter:data1\" content=\"2 minutes\" \/>\n<script type=\"application\/ld+json\" class=\"yoast-schema-graph\">{\"@context\":\"https:\/\/schema.org\",\"@graph\":[{\"@type\":\"WebPage\",\"@id\":\"https:\/\/www.kbmedshop.ch\/fr\/hopital-ems\/\",\"url\":\"https:\/\/www.kbmedshop.ch\/fr\/hopital-ems\/\",\"name\":\"H\u00f4pital \/ EMS - KB Med\",\"isPartOf\":{\"@id\":\"https:\/\/www.kbmedshop.ch\/fr\/#website\"},\"datePublished\":\"2025-04-17T09:50:51+00:00\",\"dateModified\":\"2025-06-19T13:30:16+00:00\",\"description\":\"Explorez nos services d\u00e9di\u00e9s aux h\u00f4pitaux et EMS : \u00e9quipements m\u00e9dicaux de qualit\u00e9 et solutions adapt\u00e9es aux professionnels de sant\u00e9.\",\"breadcrumb\":{\"@id\":\"https:\/\/www.kbmedshop.ch\/fr\/hopital-ems\/#breadcrumb\"},\"inLanguage\":\"fr-FR\",\"potentialAction\":[{\"@type\":\"ReadAction\",\"target\":[\"https:\/\/www.kbmedshop.ch\/fr\/hopital-ems\/\"]}]},{\"@type\":\"BreadcrumbList\",\"@id\":\"https:\/\/www.kbmedshop.ch\/fr\/hopital-ems\/#breadcrumb\",\"itemListElement\":[{\"@type\":\"ListItem\",\"position\":1,\"name\":\"Accueil\",\"item\":\"https:\/\/www.kbmedshop.ch\/fr\/\"},{\"@type\":\"ListItem\",\"position\":2,\"name\":\"H\u00f4pital \/ EMS\"}]},{\"@type\":\"WebSite\",\"@id\":\"https:\/\/www.kbmedshop.ch\/fr\/#website\",\"url\":\"https:\/\/www.kbmedshop.ch\/fr\/\",\"name\":\"Kbmed\",\"description\":\"\",\"potentialAction\":[{\"@type\":\"SearchAction\",\"target\":{\"@type\":\"EntryPoint\",\"urlTemplate\":\"https:\/\/www.kbmedshop.ch\/fr\/?s={search_term_string}\"},\"query-input\":{\"@type\":\"PropertyValueSpecification\",\"valueRequired\":true,\"valueName\":\"search_term_string\"}}],\"inLanguage\":\"fr-FR\"}]}<\/script>\n<!-- \/ Yoast SEO plugin. -->","yoast_head_json":{"title":"H\u00f4pital \/ EMS - KB Med","description":"Explorez nos services d\u00e9di\u00e9s aux h\u00f4pitaux et EMS : \u00e9quipements m\u00e9dicaux de qualit\u00e9 et solutions adapt\u00e9es aux professionnels de sant\u00e9.","robots":{"index":"index","follow":"follow","max-snippet":"max-snippet:-1","max-image-preview":"max-image-preview:large","max-video-preview":"max-video-preview:-1"},"canonical":"https:\/\/www.kbmedshop.ch\/fr\/hopital-ems\/","og_locale":"fr_FR","og_type":"article","og_title":"H\u00f4pital \/ EMS - KB Med","og_description":"Explorez nos services d\u00e9di\u00e9s aux h\u00f4pitaux et EMS : \u00e9quipements m\u00e9dicaux de qualit\u00e9 et solutions adapt\u00e9es aux professionnels de sant\u00e9.","og_url":"https:\/\/www.kbmedshop.ch\/fr\/hopital-ems\/","og_site_name":"KB Med","article_modified_time":"2025-06-19T13:30:16+00:00","twitter_card":"summary_large_image","twitter_misc":{"Dur\u00e9e de lecture estim\u00e9e":"2 minutes"},"schema":{"@context":"https:\/\/schema.org","@graph":[{"@type":"WebPage","@id":"https:\/\/www.kbmedshop.ch\/fr\/hopital-ems\/","url":"https:\/\/www.kbmedshop.ch\/fr\/hopital-ems\/","name":"H\u00f4pital \/ EMS - KB Med","isPartOf":{"@id":"https:\/\/www.kbmedshop.ch\/fr\/#website"},"datePublished":"2025-04-17T09:50:51+00:00","dateModified":"2025-06-19T13:30:16+00:00","description":"Explorez nos services d\u00e9di\u00e9s aux h\u00f4pitaux et EMS : \u00e9quipements m\u00e9dicaux de qualit\u00e9 et solutions adapt\u00e9es aux professionnels de sant\u00e9.","breadcrumb":{"@id":"https:\/\/www.kbmedshop.ch\/fr\/hopital-ems\/#breadcrumb"},"inLanguage":"fr-FR","potentialAction":[{"@type":"ReadAction","target":["https:\/\/www.kbmedshop.ch\/fr\/hopital-ems\/"]}]},{"@type":"BreadcrumbList","@id":"https:\/\/www.kbmedshop.ch\/fr\/hopital-ems\/#breadcrumb","itemListElement":[{"@type":"ListItem","position":1,"name":"Accueil","item":"https:\/\/www.kbmedshop.ch\/fr\/"},{"@type":"ListItem","position":2,"name":"H\u00f4pital \/ EMS"}]},{"@type":"WebSite","@id":"https:\/\/www.kbmedshop.ch\/fr\/#website","url":"https:\/\/www.kbmedshop.ch\/fr\/","name":"Kbmed","description":"","potentialAction":[{"@type":"SearchAction","target":{"@type":"EntryPoint","urlTemplate":"https:\/\/www.kbmedshop.ch\/fr\/?s={search_term_string}"},"query-input":{"@type":"PropertyValueSpecification","valueRequired":true,"valueName":"search_term_string"}}],"inLanguage":"fr-FR"}]}},"_links":{"self":[{"href":"https:\/\/www.kbmedshop.ch\/fr\/wp-json\/wp\/v2\/pages\/1285","targetHints":{"allow":["GET"]}}],"collection":[{"href":"https:\/\/www.kbmedshop.ch\/fr\/wp-json\/wp\/v2\/pages"}],"about":[{"href":"https:\/\/www.kbmedshop.ch\/fr\/wp-json\/wp\/v2\/types\/page"}],"author":[{"embeddable":true,"href":"https:\/\/www.kbmedshop.ch\/fr\/wp-json\/wp\/v2\/users\/4"}],"replies":[{"embeddable":true,"href":"https:\/\/www.kbmedshop.ch\/fr\/wp-json\/wp\/v2\/comments?post=1285"}],"version-history":[{"count":5,"href":"https:\/\/www.kbmedshop.ch\/fr\/wp-json\/wp\/v2\/pages\/1285\/revisions"}],"predecessor-version":[{"id":2946,"href":"https:\/\/www.kbmedshop.ch\/fr\/wp-json\/wp\/v2\/pages\/1285\/revisions\/2946"}],"wp:attachment":[{"href":"https:\/\/www.kbmedshop.ch\/fr\/wp-json\/wp\/v2\/media?parent=1285"}],"curies":[{"name":"wp","href":"https:\/\/api.w.org\/{rel}","templated":true}]}}