{"id":1281,"date":"2025-04-17T11:06:58","date_gmt":"2025-04-17T09:06:58","guid":{"rendered":"https:\/\/www.kbmedshop.ch\/?page_id=1281"},"modified":"2025-06-19T15:18:58","modified_gmt":"2025-06-19T13:18:58","slug":"gynecologie","status":"publish","type":"page","link":"https:\/\/www.kbmedshop.ch\/fr\/gynecologie\/","title":{"rendered":"Gyn\u00e9cologie"},"content":{"rendered":"<section id=\"stafe-blocks-content-69e4527a19518\" class=\"stafe-blocks-content sbcontent section section_content-block section_content-no-bg\" >\n        <div class=\"content-block_container\">\n        <div class=\"container content-container-no-element\">\n            \n            \n            \n            <div class=\"content_content\">\n                                    <h2>Gyn\u00e9cologie : \u00c9quipements, Maintenance et Accompagnement<\/h2>\n<p>&nbsp;<\/p>\n<p>Nous proposons une gamme compl\u00e8te d\u2019\u00e9quipements et de services pour les consultations et interventions en gyn\u00e9cologie. Nos solutions sont con\u00e7ues pour r\u00e9pondre aux besoins des professionnels de sant\u00e9, en garantissant confort, pr\u00e9cision et s\u00e9curit\u00e9.<\/p>\n                \n                            <\/div>\n        <\/div>\n    <\/div>\n<\/section><section id=\"stafe-blocks-content-69e4527a1b0e4\" class=\"stafe-blocks-content sbcontent section section_content-block section_content-no-bg\" >\n        <div class=\"content-block_container\">\n        <div class=\"container content-container-right-list\">\n            \n                            <div class=\"content_list\">\n                                            <div class=\"list_item\">\n                                                            <div class=\"list-icon\">\n                                    <i class=\"icon stafiniticon-arrow_forward\"><\/i>\n                                <\/div>\n                                                        <div class=\"list-content\">\n                                <p><a href=\"\/?product_cat=gynecologie-fauteuil-et-tabouret\">Tables d\u2019examen gyn\u00e9cologique\u00a0: Ergonomiques et adapt\u00e9es aux besoins des praticiens.<\/a><\/p>\n                            <\/div>\n                        <\/div>\n                                            <div class=\"list_item\">\n                                                            <div class=\"list-icon\">\n                                    <i class=\"icon stafiniticon-arrow_forward\"><\/i>\n                                <\/div>\n                                                        <div class=\"list-content\">\n                                <p><a href=\"\/?product_cat=colposcope\">Colposcopes : Haute pr\u00e9cision pour les examens approfondis.<\/a><\/p>\n                            <\/div>\n                        <\/div>\n                                            <div class=\"list_item\">\n                                                            <div class=\"list-icon\">\n                                    <i class=\"icon stafiniticon-arrow_forward\"><\/i>\n                                <\/div>\n                                                        <div class=\"list-content\">\n                                <p>\u00c9chographes\u00a0: Pour des diagnostics fiables et rapides.<\/p>\n                            <\/div>\n                        <\/div>\n                                            <div class=\"list_item\">\n                                                            <div class=\"list-icon\">\n                                    <i class=\"icon stafiniticon-arrow_forward\"><\/i>\n                                <\/div>\n                                                        <div class=\"list-content\">\n                                <p><a href=\"\/?product_cat=instruments\">Instruments chirurgicaux\u00a0: Une gamme compl\u00e8te pour les interventions gyn\u00e9cologiques.<\/a><\/p>\n                            <\/div>\n                        <\/div>\n                                            <div class=\"list_item\">\n                                                            <div class=\"list-icon\">\n                                    <i class=\"icon stafiniticon-arrow_forward\"><\/i>\n                                <\/div>\n                                                        <div class=\"list-content\">\n                                <p>Syst\u00e8mes d\u2019\u00e9clairage m\u00e9dical\u00a0: Pour une visibilit\u00e9 optimale lors des examens.<\/p>\n                            <\/div>\n                        <\/div>\n                                    <\/div>\n            \n            \n            <div class=\"content_content\">\n                                    <h3>Nos \u00e9quipements pour la consultation gyn\u00e9cologique<\/h3>\n<p>D\u00e9couvrez nos \u00e9quipements sp\u00e9cialis\u00e9s pour les consultations et interventions gyn\u00e9cologiques :<\/p>\n<p>&nbsp;<\/p>\n<p><img loading=\"lazy\" decoding=\"async\" class=\"wp-image-2916 \" src=\"https:\/\/www.kbmedshop.ch\/wp-content\/uploads\/2025\/06\/Ambiance-gMotio-connect-ecran-noir-300x212.jpg\" alt=\"\" width=\"470\" height=\"332\" srcset=\"https:\/\/www.kbmedshop.ch\/wp-content\/uploads\/2025\/06\/Ambiance-gMotio-connect-ecran-noir-300x212.jpg 300w, https:\/\/www.kbmedshop.ch\/wp-content\/uploads\/2025\/06\/Ambiance-gMotio-connect-ecran-noir-1024x724.jpg 1024w, https:\/\/www.kbmedshop.ch\/wp-content\/uploads\/2025\/06\/Ambiance-gMotio-connect-ecran-noir-768x543.jpg 768w, https:\/\/www.kbmedshop.ch\/wp-content\/uploads\/2025\/06\/Ambiance-gMotio-connect-ecran-noir-1536x1086.jpg 1536w, https:\/\/www.kbmedshop.ch\/wp-content\/uploads\/2025\/06\/Ambiance-gMotio-connect-ecran-noir-2048x1447.jpg 2048w, https:\/\/www.kbmedshop.ch\/wp-content\/uploads\/2025\/06\/Ambiance-gMotio-connect-ecran-noir-600x424.jpg 600w\" sizes=\"auto, (max-width: 470px) 100vw, 470px\" \/><\/p>\n                \n                            <\/div>\n        <\/div>\n    <\/div>\n<\/section><section id=\"stafe-blocks-content-69e4527a1f748\" class=\"stafe-blocks-content sbcontent section section_content-block section_content-no-bg\" >\n        <div class=\"content-block_container\">\n        <div class=\"container content-container-no-element\">\n            \n            \n            \n            <div class=\"content_content\">\n                                    <p>Nos \u00e9quipements sont s\u00e9lectionn\u00e9s pour leur qualit\u00e9, leur durabilit\u00e9 et leur conformit\u00e9 aux normes m\u00e9dicales.<\/p>\n<p>&nbsp;<\/p>\n                \n                            <\/div>\n        <\/div>\n    <\/div>\n<\/section><section id=\"stafe-blocks-content-icon-69e4527a1fda0\" class=\"stafe-blocks-content-icon sbcontenticon section section_content-icon-block section_content-icon-no-bg\" >\n            <div class=\"content-icon-block_container container\">\n            <div class=\"content-icon-title\">\n                <h3>Accompagnement sur la maintenance des produits<\/h3>\n<p>Nous vous accompagnons dans la maintenance de vos \u00e9quipements gyn\u00e9cologiques pour garantir leur fiabilit\u00e9 et leur durabilit\u00e9 :<\/p>\n            <\/div>\n        <\/div>\n                <div class=\"content-icon_container container\" style=\"--process-count: 3\">\n                            <div class=\"content-icon_item \" >\n                                            <div class=\"content-icon-title\">\n                                                                                        <p>Entretien pr\u00e9ventif\u00a0:<\/p>\n                                                    <\/div>\n                                                                <div class=\"content-icon-content\">\n                            <p>Pour \u00e9viter les pannes et prolonger la dur\u00e9e de vie des \u00e9quipements.<\/p>\n                        <\/div>\n                                    <\/div>\n                            <div class=\"content-icon_item \" >\n                                            <div class=\"content-icon-title\">\n                                                                                        <p>R\u00e9parations rapides\u00a0 :<\/p>\n                                                    <\/div>\n                                                                <div class=\"content-icon-content\">\n                            <p>Intervention sur site ou en atelier.<\/p>\n                        <\/div>\n                                    <\/div>\n                            <div class=\"content-icon_item \" >\n                                            <div class=\"content-icon-title\">\n                                                                                        <p>Mises \u00e0 jour et calibrations\u00a0:<\/p>\n                                                    <\/div>\n                                                                <div class=\"content-icon-content\">\n                            <p>Pour garantir des performances optimales.<\/p>\n                        <\/div>\n                                    <\/div>\n                    <\/div>\n    <\/section><section id=\"stafe-blocks-content-69e4527a213a8\" class=\"stafe-blocks-content sbcontent section section_content-block section_content-no-bg\" >\n        <div class=\"content-block_container\">\n        <div class=\"container content-container-no-element\">\n            \n            \n            \n            <div class=\"content_content\">\n                                    <p>Notre \u00e9quipe technique est form\u00e9e pour intervenir sur tous les \u00e9quipements que nous proposons.<\/p>\n<p>&nbsp;<\/p>\n                \n                            <\/div>\n        <\/div>\n    <\/div>\n<\/section><section id=\"stafe-blocks-content-69e4527a219bf\" class=\"stafe-blocks-content sbcontent section section_content-block section_content-no-bg\" >\n        <div class=\"content-block_container\">\n        <div class=\"container content-container-left-list\">\n            \n                            <div class=\"content_list\">\n                                            <div class=\"list_item\">\n                                                            <div class=\"list-icon\">\n                                    <i class=\"icon stafiniticon-arrow_forward\"><\/i>\n                                <\/div>\n                                                        <div class=\"list-content\">\n                                <p><a href=\"\/?product_cat=instruments\">Sp\u00e9culums jetables<\/a><\/p>\n                            <\/div>\n                        <\/div>\n                                            <div class=\"list_item\">\n                                                            <div class=\"list-icon\">\n                                    <i class=\"icon stafiniticon-arrow_forward\"><\/i>\n                                <\/div>\n                                                        <div class=\"list-content\">\n                                <p>Gels pour \u00e9chographie<\/p>\n                            <\/div>\n                        <\/div>\n                                            <div class=\"list_item\">\n                                                            <div class=\"list-icon\">\n                                    <i class=\"icon stafiniticon-arrow_forward\"><\/i>\n                                <\/div>\n                                                        <div class=\"list-content\">\n                                <p><a href=\"https:\/\/www.kbmedshop.ch\/fr\/produit\/mikrozid-af-lingettes\/\">Lingettes d\u00e9sinfectantes<\/a><\/p>\n                            <\/div>\n                        <\/div>\n                                            <div class=\"list_item\">\n                                                            <div class=\"list-icon\">\n                                    <i class=\"icon stafiniticon-arrow_forward\"><\/i>\n                                <\/div>\n                                                        <div class=\"list-content\">\n                                <p>Accessoires pour colposcopes<\/p>\n                            <\/div>\n                        <\/div>\n                                    <\/div>\n            \n            \n            <div class=\"content_content\">\n                                    <h3>Fourniture des consommables<\/h3>\n<p>Nous proposons une large gamme de consommables adapt\u00e9s aux besoins des consultations gyn\u00e9cologiques :<\/p>\n<p>&nbsp;<\/p>\n<p><img loading=\"lazy\" decoding=\"async\" class=\"alignnone wp-image-2922 \" src=\"https:\/\/www.kbmedshop.ch\/wp-content\/uploads\/2025\/06\/quand-faut-il-consulter-un-gynecologue-un-specialiste-repond-300x225.jpeg\" alt=\"\" width=\"403\" height=\"302\" srcset=\"https:\/\/www.kbmedshop.ch\/wp-content\/uploads\/2025\/06\/quand-faut-il-consulter-un-gynecologue-un-specialiste-repond-300x225.jpeg 300w, https:\/\/www.kbmedshop.ch\/wp-content\/uploads\/2025\/06\/quand-faut-il-consulter-un-gynecologue-un-specialiste-repond-1024x768.jpeg 1024w, https:\/\/www.kbmedshop.ch\/wp-content\/uploads\/2025\/06\/quand-faut-il-consulter-un-gynecologue-un-specialiste-repond-768x576.jpeg 768w, https:\/\/www.kbmedshop.ch\/wp-content\/uploads\/2025\/06\/quand-faut-il-consulter-un-gynecologue-un-specialiste-repond-600x450.jpeg 600w, https:\/\/www.kbmedshop.ch\/wp-content\/uploads\/2025\/06\/quand-faut-il-consulter-un-gynecologue-un-specialiste-repond.jpeg 1200w\" sizes=\"auto, (max-width: 403px) 100vw, 403px\" \/><\/p>\n                \n                            <\/div>\n        <\/div>\n    <\/div>\n<\/section><section id=\"stafe-blocks-content-69e4527a23bb9\" class=\"stafe-blocks-content sbcontent section section_content-block section_content-no-bg\" >\n        <div class=\"content-block_container\">\n        <div class=\"container content-container-no-element\">\n            \n            \n            \n            <div class=\"content_content\">\n                                    <p>Commandez vos consommables directement sur notre plateforme e-commerce et b\u00e9n\u00e9ficiez d\u2019une livraison rapide.<\/p>\n<p>&nbsp;<\/p>\n                \n                            <\/div>\n        <\/div>\n    <\/div>\n<\/section><section id=\"stafe-blocks-content-icon-69e4527a24288\" class=\"stafe-blocks-content-icon sbcontenticon section section_content-icon-block section_content-icon-no-bg\" >\n            <div class=\"content-icon-block_container container\">\n            <div class=\"content-icon-title\">\n                <h3>Audit sur la st\u00e9rilisation et la d\u00e9sinfection<\/h3>\n<p>La s\u00e9curit\u00e9 et l\u2019hygi\u00e8ne sont primordiales en gyn\u00e9cologie. Nous vous proposons un audit complet pour garantir la conformit\u00e9 de vos pratiques :<\/p>\n            <\/div>\n        <\/div>\n                <div class=\"content-icon_container container\" style=\"--process-count: 4\">\n                            <div class=\"content-icon_item \" >\n                                            <div class=\"content-icon-title\">\n                                                                                        <p>Analyse de vos protocoles actuels\u00a0:<\/p>\n                                                    <\/div>\n                                                                <div class=\"content-icon-content\">\n                            <p>Identification des points d\u2019am\u00e9lioration.<\/p>\n                        <\/div>\n                                    <\/div>\n                            <div class=\"content-icon_item \" >\n                                            <div class=\"content-icon-title\">\n                                                                                        <p>Recommandations sur les \u00e9quipements et produits\u00a0:<\/p>\n                                                    <\/div>\n                                                                <div class=\"content-icon-content\">\n                            <p>Solutions adapt\u00e9es \u00e0 vos besoins.<\/p>\n                        <\/div>\n                                    <\/div>\n                            <div class=\"content-icon_item \" >\n                                            <div class=\"content-icon-title\">\n                                                                                        <p>Formation de votre personnel\u00a0:<\/p>\n                                                    <\/div>\n                                                                <div class=\"content-icon-content\">\n                            <p>Sensibilisation aux bonnes pratiques.<\/p>\n                        <\/div>\n                                    <\/div>\n                            <div class=\"content-icon_item \" >\n                                            <div class=\"content-icon-title\">\n                                                                                        <p>Rapport d\u00e9taill\u00e9\u00a0:<\/p>\n                                                    <\/div>\n                                                                <div class=\"content-icon-content\">\n                            <p>Conseils pour optimiser vos processus.<\/p>\n                        <\/div>\n                                    <\/div>\n                    <\/div>\n    <\/section><section id=\"stafe-blocks-content-icon-69e4527a24ae6\" class=\"stafe-blocks-content-icon sbcontenticon section section_content-icon-block section_content-icon-no-bg\" >\n            <div class=\"content-icon-block_container container\">\n            <div class=\"content-icon-title\">\n                <h3>Pourquoi choisir notre expertise en gyn\u00e9cologie ?<\/h3>\n            <\/div>\n        <\/div>\n                <div class=\"content-icon_container container\" style=\"--process-count: 4\">\n                            <div class=\"content-icon_item \" >\n                                            <div class=\"content-icon-title\">\n                                                                                        <p>Une expertise reconnue\u00a0:<\/p>\n                                                    <\/div>\n                                                                <div class=\"content-icon-content\">\n                            <p>Des solutions adapt\u00e9es aux besoins des professionnels.<\/p>\n                        <\/div>\n                                    <\/div>\n                            <div class=\"content-icon_item \" >\n                                            <div class=\"content-icon-title\">\n                                                                                        <p>Un accompagnement personnalis\u00e9 :<\/p>\n                                                    <\/div>\n                                                                <div class=\"content-icon-content\">\n                            <p>Audit, maintenance et fourniture de consommables.<\/p>\n                        <\/div>\n                                    <\/div>\n                            <div class=\"content-icon_item \" >\n                                            <div class=\"content-icon-title\">\n                                                                                        <p>Un service apr\u00e8s-vente r\u00e9actif\u00a0:<\/p>\n                                                    <\/div>\n                                                                <div class=\"content-icon-content\">\n                            <p>Assistance technique et conseils.<\/p>\n                        <\/div>\n                                    <\/div>\n                            <div class=\"content-icon_item \" >\n                                            <div class=\"content-icon-title\">\n                                                                                        <p>Une plateforme e-commerce intuitive\u00a0:<\/p>\n                                                    <\/div>\n                                                                <div class=\"content-icon-content\">\n                            <p>Commandez vos produits en toute simplicit\u00e9.<\/p>\n                        <\/div>\n                                    <\/div>\n                    <\/div>\n    <\/section><div style=\"height:87px\" aria-hidden=\"true\" class=\"wp-block-spacer\"><\/div>","protected":false},"excerpt":{"rendered":"","protected":false},"author":4,"featured_media":0,"parent":0,"menu_order":0,"comment_status":"closed","ping_status":"closed","template":"","meta":{"_acf_changed":false,"footnotes":""},"class_list":["post-1281","page","type-page","status-publish","hentry"],"acf":{"page_role":""},"yoast_head":"<!-- This site is optimized with the Yoast SEO plugin v25.0 - https:\/\/yoast.com\/wordpress\/plugins\/seo\/ -->\n<title>Gyn\u00e9cologie - KB Med<\/title>\n<meta name=\"description\" content=\"D\u00e9couvrez nos services et \u00e9quipements sp\u00e9cialis\u00e9s pour la gyn\u00e9cologie. Des solutions adapt\u00e9es aux besoins des professionnels de sant\u00e9.\" \/>\n<meta name=\"robots\" content=\"index, follow, max-snippet:-1, max-image-preview:large, max-video-preview:-1\" \/>\n<link rel=\"canonical\" href=\"https:\/\/www.kbmedshop.ch\/fr\/gynecologie\/\" \/>\n<meta property=\"og:locale\" content=\"fr_FR\" \/>\n<meta property=\"og:type\" content=\"article\" \/>\n<meta property=\"og:title\" content=\"Gyn\u00e9cologie - KB Med\" \/>\n<meta property=\"og:description\" content=\"D\u00e9couvrez nos services et \u00e9quipements sp\u00e9cialis\u00e9s pour la gyn\u00e9cologie. Des solutions adapt\u00e9es aux besoins des professionnels de sant\u00e9.\" \/>\n<meta property=\"og:url\" content=\"https:\/\/www.kbmedshop.ch\/fr\/gynecologie\/\" \/>\n<meta property=\"og:site_name\" content=\"KB Med\" \/>\n<meta property=\"article:modified_time\" content=\"2025-06-19T13:18:58+00:00\" \/>\n<meta name=\"twitter:card\" content=\"summary_large_image\" \/>\n<meta name=\"twitter:label1\" content=\"Dur\u00e9e de lecture estim\u00e9e\" \/>\n\t<meta name=\"twitter:data1\" content=\"3 minutes\" \/>\n<script type=\"application\/ld+json\" class=\"yoast-schema-graph\">{\"@context\":\"https:\/\/schema.org\",\"@graph\":[{\"@type\":\"WebPage\",\"@id\":\"https:\/\/www.kbmedshop.ch\/fr\/gynecologie\/\",\"url\":\"https:\/\/www.kbmedshop.ch\/fr\/gynecologie\/\",\"name\":\"Gyn\u00e9cologie - KB Med\",\"isPartOf\":{\"@id\":\"https:\/\/www.kbmedshop.ch\/fr\/#website\"},\"datePublished\":\"2025-04-17T09:06:58+00:00\",\"dateModified\":\"2025-06-19T13:18:58+00:00\",\"description\":\"D\u00e9couvrez nos services et \u00e9quipements sp\u00e9cialis\u00e9s pour la gyn\u00e9cologie. Des solutions adapt\u00e9es aux besoins des professionnels de sant\u00e9.\",\"breadcrumb\":{\"@id\":\"https:\/\/www.kbmedshop.ch\/fr\/gynecologie\/#breadcrumb\"},\"inLanguage\":\"fr-FR\",\"potentialAction\":[{\"@type\":\"ReadAction\",\"target\":[\"https:\/\/www.kbmedshop.ch\/fr\/gynecologie\/\"]}]},{\"@type\":\"BreadcrumbList\",\"@id\":\"https:\/\/www.kbmedshop.ch\/fr\/gynecologie\/#breadcrumb\",\"itemListElement\":[{\"@type\":\"ListItem\",\"position\":1,\"name\":\"Accueil\",\"item\":\"https:\/\/www.kbmedshop.ch\/fr\/\"},{\"@type\":\"ListItem\",\"position\":2,\"name\":\"Gyn\u00e9cologie\"}]},{\"@type\":\"WebSite\",\"@id\":\"https:\/\/www.kbmedshop.ch\/fr\/#website\",\"url\":\"https:\/\/www.kbmedshop.ch\/fr\/\",\"name\":\"Kbmed\",\"description\":\"\",\"potentialAction\":[{\"@type\":\"SearchAction\",\"target\":{\"@type\":\"EntryPoint\",\"urlTemplate\":\"https:\/\/www.kbmedshop.ch\/fr\/?s={search_term_string}\"},\"query-input\":{\"@type\":\"PropertyValueSpecification\",\"valueRequired\":true,\"valueName\":\"search_term_string\"}}],\"inLanguage\":\"fr-FR\"}]}<\/script>\n<!-- \/ Yoast SEO plugin. -->","yoast_head_json":{"title":"Gyn\u00e9cologie - KB Med","description":"D\u00e9couvrez nos services et \u00e9quipements sp\u00e9cialis\u00e9s pour la gyn\u00e9cologie. Des solutions adapt\u00e9es aux besoins des professionnels de sant\u00e9.","robots":{"index":"index","follow":"follow","max-snippet":"max-snippet:-1","max-image-preview":"max-image-preview:large","max-video-preview":"max-video-preview:-1"},"canonical":"https:\/\/www.kbmedshop.ch\/fr\/gynecologie\/","og_locale":"fr_FR","og_type":"article","og_title":"Gyn\u00e9cologie - KB Med","og_description":"D\u00e9couvrez nos services et \u00e9quipements sp\u00e9cialis\u00e9s pour la gyn\u00e9cologie. Des solutions adapt\u00e9es aux besoins des professionnels de sant\u00e9.","og_url":"https:\/\/www.kbmedshop.ch\/fr\/gynecologie\/","og_site_name":"KB Med","article_modified_time":"2025-06-19T13:18:58+00:00","twitter_card":"summary_large_image","twitter_misc":{"Dur\u00e9e de lecture estim\u00e9e":"3 minutes"},"schema":{"@context":"https:\/\/schema.org","@graph":[{"@type":"WebPage","@id":"https:\/\/www.kbmedshop.ch\/fr\/gynecologie\/","url":"https:\/\/www.kbmedshop.ch\/fr\/gynecologie\/","name":"Gyn\u00e9cologie - KB Med","isPartOf":{"@id":"https:\/\/www.kbmedshop.ch\/fr\/#website"},"datePublished":"2025-04-17T09:06:58+00:00","dateModified":"2025-06-19T13:18:58+00:00","description":"D\u00e9couvrez nos services et \u00e9quipements sp\u00e9cialis\u00e9s pour la gyn\u00e9cologie. Des solutions adapt\u00e9es aux besoins des professionnels de sant\u00e9.","breadcrumb":{"@id":"https:\/\/www.kbmedshop.ch\/fr\/gynecologie\/#breadcrumb"},"inLanguage":"fr-FR","potentialAction":[{"@type":"ReadAction","target":["https:\/\/www.kbmedshop.ch\/fr\/gynecologie\/"]}]},{"@type":"BreadcrumbList","@id":"https:\/\/www.kbmedshop.ch\/fr\/gynecologie\/#breadcrumb","itemListElement":[{"@type":"ListItem","position":1,"name":"Accueil","item":"https:\/\/www.kbmedshop.ch\/fr\/"},{"@type":"ListItem","position":2,"name":"Gyn\u00e9cologie"}]},{"@type":"WebSite","@id":"https:\/\/www.kbmedshop.ch\/fr\/#website","url":"https:\/\/www.kbmedshop.ch\/fr\/","name":"Kbmed","description":"","potentialAction":[{"@type":"SearchAction","target":{"@type":"EntryPoint","urlTemplate":"https:\/\/www.kbmedshop.ch\/fr\/?s={search_term_string}"},"query-input":{"@type":"PropertyValueSpecification","valueRequired":true,"valueName":"search_term_string"}}],"inLanguage":"fr-FR"}]}},"_links":{"self":[{"href":"https:\/\/www.kbmedshop.ch\/fr\/wp-json\/wp\/v2\/pages\/1281","targetHints":{"allow":["GET"]}}],"collection":[{"href":"https:\/\/www.kbmedshop.ch\/fr\/wp-json\/wp\/v2\/pages"}],"about":[{"href":"https:\/\/www.kbmedshop.ch\/fr\/wp-json\/wp\/v2\/types\/page"}],"author":[{"embeddable":true,"href":"https:\/\/www.kbmedshop.ch\/fr\/wp-json\/wp\/v2\/users\/4"}],"replies":[{"embeddable":true,"href":"https:\/\/www.kbmedshop.ch\/fr\/wp-json\/wp\/v2\/comments?post=1281"}],"version-history":[{"count":5,"href":"https:\/\/www.kbmedshop.ch\/fr\/wp-json\/wp\/v2\/pages\/1281\/revisions"}],"predecessor-version":[{"id":2926,"href":"https:\/\/www.kbmedshop.ch\/fr\/wp-json\/wp\/v2\/pages\/1281\/revisions\/2926"}],"wp:attachment":[{"href":"https:\/\/www.kbmedshop.ch\/fr\/wp-json\/wp\/v2\/media?parent=1281"}],"curies":[{"name":"wp","href":"https:\/\/api.w.org\/{rel}","templated":true}]}}