{"id":1127,"date":"2025-04-16T13:57:57","date_gmt":"2025-04-16T11:57:57","guid":{"rendered":"https:\/\/www.kbmedshop.ch\/?page_id=1127"},"modified":"2025-04-28T08:37:06","modified_gmt":"2025-04-28T06:37:06","slug":"cookies","status":"publish","type":"page","link":"https:\/\/www.kbmedshop.ch\/fr\/cookies\/","title":{"rendered":"Cookies"},"content":{"rendered":"<section id=\"stafe-blocks-content-69e3bda1388fc\" class=\"stafe-blocks-content sbcontent section section_content-block section_content-no-bg\" >\n            <div class=\"container breadcrumbs\">\n            <div class=\"yoast-breadcrumb\"><span><span><a href=\"https:\/\/www.kbmedshop.ch\/fr\/\">Accueil<\/a><\/span><\/span><\/div>        <\/div>\n        <div class=\"content-block_container\">\n        <div class=\"container content-container-no-element\">\n            \n            \n            \n            <div class=\"content_content\">\n                                    <h1>Cookies<\/h1>\n<p>&nbsp;<\/p>\n<p>&nbsp;<\/p>\n<p>&nbsp;<\/p>\n<p>&nbsp;<\/p>\n<h3>\n1. Qu&rsquo;est-ce qu&rsquo;un cookie ?<\/h3>\n<p>Nous d\u00e9posons un cookie, un petit fichier texte, sur votre appareil (ordinateur, tablette, smartphone) lorsque vous visitez notre site. Gr\u00e2ce aux cookies, nous collectons des informations sur votre navigation et am\u00e9liorons votre exp\u00e9rience utilisateur.<\/p>\n<p>&nbsp;<\/p>\n<p>&nbsp;<\/p>\n<p>&nbsp;<\/p>\n<h3>2. Types de cookies utilis\u00e9s<\/h3>\n<p>Nous utilisons les types de cookies suivants :<\/p>\n<p>&#8211; Cookies essentiels : Nous utilisons ces cookies pour garantir le bon fonctionnement du site. Sans eux, certaines fonctionnalit\u00e9s ne sont pas disponibles.<\/p>\n<p>&#8211; Cookies de performance : Nous analysons l&rsquo;utilisation du site avec ces cookies pour am\u00e9liorer ses fonctionnalit\u00e9s et optimiser votre exp\u00e9rience utilisateur.<\/p>\n<p>&#8211; Cookies tiers : Des services externes, tels que Google Analytics, les r\u00e9seaux sociaux ou des partenaires publicitaires, d\u00e9posent ces cookies.<\/p>\n<p>&nbsp;<\/p>\n<p>&nbsp;<\/p>\n<p>&nbsp;<\/p>\n<h3>3. Gestion des cookies<\/h3>\n<p>Lors de votre premi\u00e8re visite sur notre site, nous affichons une banni\u00e8re pour vous informer de l&rsquo;utilisation des cookies. Vous pouvez accepter ou refuser les cookies directement via cette banni\u00e8re. Vous pouvez \u00e9galement configurer vos pr\u00e9f\u00e9rences \u00e0 tout moment dans les param\u00e8tres de votre navigateur.<\/p>\n<p>&nbsp;<\/p>\n<p>Comment d\u00e9sactiver les cookies via votre navigateur :<\/p>\n<p>&#8211; Google Chrome : Acc\u00e9dez \u00e0 \u00ab\u00a0Param\u00e8tres\u00a0\u00bb &gt; \u00ab\u00a0Confidentialit\u00e9 et s\u00e9curit\u00e9\u00a0\u00bb &gt; \u00ab\u00a0Param\u00e8tres des sites\u00a0\u00bb &gt; \u00ab\u00a0Cookies\u00a0\u00bb.<\/p>\n<p>&#8211; Mozilla Firefox : Acc\u00e9dez \u00e0 \u00ab\u00a0Options\u00a0\u00bb &gt; \u00ab\u00a0Vie priv\u00e9e et s\u00e9curit\u00e9\u00a0\u00bb &gt; \u00ab\u00a0Cookies et donn\u00e9es de sites\u00a0\u00bb.<\/p>\n<p>&#8211; Safari : Acc\u00e9dez \u00e0 \u00ab\u00a0Pr\u00e9f\u00e9rences\u00a0\u00bb &gt; \u00ab\u00a0Confidentialit\u00e9\u00a0\u00bb &gt; \u00ab\u00a0G\u00e9rer les cookies\u00a0\u00bb.<\/p>\n<p>&#8211; Microsoft Edge : Acc\u00e9dez \u00e0 \u00ab\u00a0Param\u00e8tres\u00a0\u00bb &gt; \u00ab\u00a0Confidentialit\u00e9, recherche et services\u00a0\u00bb &gt; \u00ab\u00a0Cookies et autorisations de site\u00a0\u00bb.<\/p>\n<p>&nbsp;<\/p>\n<p>&nbsp;<\/p>\n<p>&nbsp;<\/p>\n<h3>4. Dur\u00e9e de conservation des cookies<\/h3>\n<p>Nous conservons les cookies pour une dur\u00e9e maximale de 13 mois, conform\u00e9ment \u00e0 la l\u00e9gislation du RGPD en vigueur. Pass\u00e9 ce d\u00e9lai, nous les supprimons automatiquement de votre appareil.<\/p>\n<p>&nbsp;<\/p>\n<p>&nbsp;<\/p>\n<p>&nbsp;<\/p>\n<h3>5. Cookies tiers<\/h3>\n<p>Nous utilisons des services tiers, tels que Google Analytics, pour analyser le trafic et am\u00e9liorer nos services. Ces services d\u00e9posent \u00e9galement leurs propres cookies. Nous vous invitons \u00e0 consulter les politiques de confidentialit\u00e9 de ces tiers pour comprendre comment ils utilisent les cookies.<\/p>\n<p>&nbsp;<\/p>\n<p>&nbsp;<\/p>\n<p>&nbsp;<\/p>\n<h3>6. Contact<\/h3>\n<p>Si vous avez des questions concernant notre utilisation des cookies, contactez-nous \u00e0 :<\/p>\n<p>Email : info@kbmed.ch<\/p>\n<p>T\u00e9l\u00e9phone : +41 61 331 68 51<\/p>\n<p>Adresse : Gewerbestrasse 6, 4105 Biel-Benken, Suisse<\/p>\n                \n                            <\/div>\n        <\/div>\n    <\/div>\n<\/section>","protected":false},"excerpt":{"rendered":"","protected":false},"author":4,"featured_media":0,"parent":0,"menu_order":0,"comment_status":"closed","ping_status":"closed","template":"","meta":{"_acf_changed":false,"footnotes":""},"class_list":["post-1127","page","type-page","status-publish","hentry"],"acf":{"page_role":""},"yoast_head":"<!-- This site is optimized with the Yoast SEO plugin v25.0 - https:\/\/yoast.com\/wordpress\/plugins\/seo\/ -->\n<title>Cookies - KB Med<\/title>\n<meta name=\"description\" content=\"Apprenez-en plus sur l\u2019utilisation des cookies par KB Medizin Technik GmbH. G\u00e9rez vos param\u00e8tres pour une navigation personnalis\u00e9e.\" \/>\n<meta name=\"robots\" content=\"index, follow, max-snippet:-1, max-image-preview:large, max-video-preview:-1\" \/>\n<link rel=\"canonical\" href=\"https:\/\/www.kbmedshop.ch\/fr\/cookies\/\" \/>\n<meta property=\"og:locale\" content=\"fr_FR\" \/>\n<meta property=\"og:type\" content=\"article\" \/>\n<meta property=\"og:title\" content=\"Cookies - KB Med\" \/>\n<meta property=\"og:description\" content=\"Apprenez-en plus sur l\u2019utilisation des cookies par KB Medizin Technik GmbH. G\u00e9rez vos param\u00e8tres pour une navigation personnalis\u00e9e.\" \/>\n<meta property=\"og:url\" content=\"https:\/\/www.kbmedshop.ch\/fr\/cookies\/\" \/>\n<meta property=\"og:site_name\" content=\"KB Med\" \/>\n<meta property=\"article:modified_time\" content=\"2025-04-28T06:37:06+00:00\" \/>\n<meta name=\"twitter:card\" content=\"summary_large_image\" \/>\n<meta name=\"twitter:label1\" content=\"Dur\u00e9e de lecture estim\u00e9e\" \/>\n\t<meta name=\"twitter:data1\" content=\"2 minutes\" \/>\n<script type=\"application\/ld+json\" class=\"yoast-schema-graph\">{\"@context\":\"https:\/\/schema.org\",\"@graph\":[{\"@type\":\"WebPage\",\"@id\":\"https:\/\/www.kbmedshop.ch\/fr\/cookies\/\",\"url\":\"https:\/\/www.kbmedshop.ch\/fr\/cookies\/\",\"name\":\"Cookies - KB Med\",\"isPartOf\":{\"@id\":\"https:\/\/www.kbmedshop.ch\/fr\/#website\"},\"datePublished\":\"2025-04-16T11:57:57+00:00\",\"dateModified\":\"2025-04-28T06:37:06+00:00\",\"description\":\"Apprenez-en plus sur l\u2019utilisation des cookies par KB Medizin Technik GmbH. G\u00e9rez vos param\u00e8tres pour une navigation personnalis\u00e9e.\",\"breadcrumb\":{\"@id\":\"https:\/\/www.kbmedshop.ch\/fr\/cookies\/#breadcrumb\"},\"inLanguage\":\"fr-FR\",\"potentialAction\":[{\"@type\":\"ReadAction\",\"target\":[\"https:\/\/www.kbmedshop.ch\/fr\/cookies\/\"]}]},{\"@type\":\"BreadcrumbList\",\"@id\":\"https:\/\/www.kbmedshop.ch\/fr\/cookies\/#breadcrumb\",\"itemListElement\":[{\"@type\":\"ListItem\",\"position\":1,\"name\":\"Accueil\",\"item\":\"https:\/\/www.kbmedshop.ch\/fr\/\"},{\"@type\":\"ListItem\",\"position\":2,\"name\":\"Cookies\"}]},{\"@type\":\"WebSite\",\"@id\":\"https:\/\/www.kbmedshop.ch\/fr\/#website\",\"url\":\"https:\/\/www.kbmedshop.ch\/fr\/\",\"name\":\"Kbmed\",\"description\":\"\",\"potentialAction\":[{\"@type\":\"SearchAction\",\"target\":{\"@type\":\"EntryPoint\",\"urlTemplate\":\"https:\/\/www.kbmedshop.ch\/fr\/?s={search_term_string}\"},\"query-input\":{\"@type\":\"PropertyValueSpecification\",\"valueRequired\":true,\"valueName\":\"search_term_string\"}}],\"inLanguage\":\"fr-FR\"}]}<\/script>\n<!-- \/ Yoast SEO plugin. -->","yoast_head_json":{"title":"Cookies - KB Med","description":"Apprenez-en plus sur l\u2019utilisation des cookies par KB Medizin Technik GmbH. G\u00e9rez vos param\u00e8tres pour une navigation personnalis\u00e9e.","robots":{"index":"index","follow":"follow","max-snippet":"max-snippet:-1","max-image-preview":"max-image-preview:large","max-video-preview":"max-video-preview:-1"},"canonical":"https:\/\/www.kbmedshop.ch\/fr\/cookies\/","og_locale":"fr_FR","og_type":"article","og_title":"Cookies - KB Med","og_description":"Apprenez-en plus sur l\u2019utilisation des cookies par KB Medizin Technik GmbH. G\u00e9rez vos param\u00e8tres pour une navigation personnalis\u00e9e.","og_url":"https:\/\/www.kbmedshop.ch\/fr\/cookies\/","og_site_name":"KB Med","article_modified_time":"2025-04-28T06:37:06+00:00","twitter_card":"summary_large_image","twitter_misc":{"Dur\u00e9e de lecture estim\u00e9e":"2 minutes"},"schema":{"@context":"https:\/\/schema.org","@graph":[{"@type":"WebPage","@id":"https:\/\/www.kbmedshop.ch\/fr\/cookies\/","url":"https:\/\/www.kbmedshop.ch\/fr\/cookies\/","name":"Cookies - KB Med","isPartOf":{"@id":"https:\/\/www.kbmedshop.ch\/fr\/#website"},"datePublished":"2025-04-16T11:57:57+00:00","dateModified":"2025-04-28T06:37:06+00:00","description":"Apprenez-en plus sur l\u2019utilisation des cookies par KB Medizin Technik GmbH. G\u00e9rez vos param\u00e8tres pour une navigation personnalis\u00e9e.","breadcrumb":{"@id":"https:\/\/www.kbmedshop.ch\/fr\/cookies\/#breadcrumb"},"inLanguage":"fr-FR","potentialAction":[{"@type":"ReadAction","target":["https:\/\/www.kbmedshop.ch\/fr\/cookies\/"]}]},{"@type":"BreadcrumbList","@id":"https:\/\/www.kbmedshop.ch\/fr\/cookies\/#breadcrumb","itemListElement":[{"@type":"ListItem","position":1,"name":"Accueil","item":"https:\/\/www.kbmedshop.ch\/fr\/"},{"@type":"ListItem","position":2,"name":"Cookies"}]},{"@type":"WebSite","@id":"https:\/\/www.kbmedshop.ch\/fr\/#website","url":"https:\/\/www.kbmedshop.ch\/fr\/","name":"Kbmed","description":"","potentialAction":[{"@type":"SearchAction","target":{"@type":"EntryPoint","urlTemplate":"https:\/\/www.kbmedshop.ch\/fr\/?s={search_term_string}"},"query-input":{"@type":"PropertyValueSpecification","valueRequired":true,"valueName":"search_term_string"}}],"inLanguage":"fr-FR"}]}},"_links":{"self":[{"href":"https:\/\/www.kbmedshop.ch\/fr\/wp-json\/wp\/v2\/pages\/1127","targetHints":{"allow":["GET"]}}],"collection":[{"href":"https:\/\/www.kbmedshop.ch\/fr\/wp-json\/wp\/v2\/pages"}],"about":[{"href":"https:\/\/www.kbmedshop.ch\/fr\/wp-json\/wp\/v2\/types\/page"}],"author":[{"embeddable":true,"href":"https:\/\/www.kbmedshop.ch\/fr\/wp-json\/wp\/v2\/users\/4"}],"replies":[{"embeddable":true,"href":"https:\/\/www.kbmedshop.ch\/fr\/wp-json\/wp\/v2\/comments?post=1127"}],"version-history":[{"count":2,"href":"https:\/\/www.kbmedshop.ch\/fr\/wp-json\/wp\/v2\/pages\/1127\/revisions"}],"predecessor-version":[{"id":1866,"href":"https:\/\/www.kbmedshop.ch\/fr\/wp-json\/wp\/v2\/pages\/1127\/revisions\/1866"}],"wp:attachment":[{"href":"https:\/\/www.kbmedshop.ch\/fr\/wp-json\/wp\/v2\/media?parent=1127"}],"curies":[{"name":"wp","href":"https:\/\/api.w.org\/{rel}","templated":true}]}}