{"id":1123,"date":"2025-04-16T13:53:23","date_gmt":"2025-04-16T11:53:23","guid":{"rendered":"https:\/\/www.kbmedshop.ch\/?page_id=1123"},"modified":"2025-04-28T09:54:57","modified_gmt":"2025-04-28T07:54:57","slug":"mentions-legales","status":"publish","type":"page","link":"https:\/\/www.kbmedshop.ch\/fr\/mentions-legales\/","title":{"rendered":"Mentions L\u00e9gales"},"content":{"rendered":"<section id=\"stafe-blocks-content-69e90be474b09\" class=\"stafe-blocks-content sbcontent section section_content-block section_content-no-bg\" >\n            <div class=\"container breadcrumbs\">\n            <div class=\"yoast-breadcrumb\"><span><span><a href=\"https:\/\/www.kbmedshop.ch\/fr\/\">Accueil<\/a><\/span><\/span><\/div>        <\/div>\n        <div class=\"content-block_container\">\n        <div class=\"container content-container-no-element\">\n            \n            \n            \n            <div class=\"content_content\">\n                                    <h1>Mentions L\u00e9gales<\/h1>\n<p>&nbsp;<\/p>\n<p>&nbsp;<\/p>\n<p>&nbsp;<\/p>\n<h3>1. Identification de l&rsquo;\u00e9diteur<\/h3>\n<p>Nom de l&rsquo;entreprise : KB Medizin Technik GmbH<\/p>\n<p>Adresse : Gewerbestrasse 6, 4105 Biel-Benken, Suisse<\/p>\n<p>Num\u00e9ro de TVA : CHE-112.310.873 MWST<\/p>\n<p>Email : info@kbmed.ch<\/p>\n<p>T\u00e9l\u00e9phone : +41 61 331 68 51<\/p>\n<p>&nbsp;<\/p>\n<p>&nbsp;<\/p>\n<h3>2. H\u00e9bergement<\/h3>\n<p>Le site est h\u00e9berg\u00e9 par :<\/p>\n<p>Nom de l&rsquo;h\u00e9bergeur : Gandi SAS<\/p>\n<p>Adresse : 63-65 Boulevard Mass\u00e9na, 75013 Paris, France<\/p>\n<p>Email : direction@gandi.net<\/p>\n<p>T\u00e9l\u00e9phone : +33 1 43 73 18 51<\/p>\n<p>&nbsp;<\/p>\n<p>&nbsp;<\/p>\n<h3>3. Propri\u00e9t\u00e9 intellectuelle<\/h3>\n<p>Tous les contenus pr\u00e9sents sur le site (textes, images, vid\u00e9os, logos, etc.) sont prot\u00e9g\u00e9s par le droit d&rsquo;auteur et ne peuvent \u00eatre reproduits sans l&rsquo;autorisation pr\u00e9alable de l&rsquo;entreprise.<\/p>\n<p>&nbsp;<\/p>\n<p>&nbsp;<\/p>\n<h3>4. Responsabilit\u00e9<\/h3>\n<p>L&rsquo;entreprise s&rsquo;efforce de fournir des informations exactes et \u00e0 jour sur le site. Cependant, elle ne peut \u00eatre tenue responsable des erreurs ou omissions, ni des dommages r\u00e9sultant de l&rsquo;utilisation du site.<\/p>\n<p>&nbsp;<\/p>\n<p>&nbsp;<\/p>\n<h3>5. Protection des donn\u00e9es<\/h3>\n<p>Les donn\u00e9es personnelles collect\u00e9es sur le site sont trait\u00e9es conform\u00e9ment \u00e0 la Loi f\u00e9d\u00e9rale sur la protection des donn\u00e9es (LPD). Pour plus d&rsquo;informations, consultez notre Politique de Confidentialit\u00e9.<\/p>\n<p>&nbsp;<\/p>\n<p>&nbsp;<\/p>\n<h3>6. Contact<\/h3>\n<p>Pour toute question ou r\u00e9clamation, vous pouvez nous contacter \u00e0 :<\/p>\n<p>Email : info@kbmed.ch<\/p>\n<p>T\u00e9l\u00e9phone : +41 61 331 68 51<\/p>\n<p>Adresse : Gewerbestrasse 6, 4105 Biel-Benken, Suisse<\/p>\n                \n                            <\/div>\n        <\/div>\n    <\/div>\n<\/section>","protected":false},"excerpt":{"rendered":"","protected":false},"author":4,"featured_media":0,"parent":0,"menu_order":0,"comment_status":"closed","ping_status":"closed","template":"","meta":{"_acf_changed":false,"footnotes":""},"class_list":["post-1123","page","type-page","status-publish","hentry"],"acf":{"page_role":""},"yoast_head":"<!-- This site is optimized with the Yoast SEO plugin v25.0 - https:\/\/yoast.com\/wordpress\/plugins\/seo\/ -->\n<title>Mentions L\u00e9gales - KB Med<\/title>\n<meta name=\"description\" content=\"Retrouvez les mentions l\u00e9gales de KB Medizin Technik GmbH : informations sur l\u2019\u00e9diteur, les droits et les obligations l\u00e9gales.\" \/>\n<meta name=\"robots\" content=\"index, follow, max-snippet:-1, max-image-preview:large, max-video-preview:-1\" \/>\n<link rel=\"canonical\" href=\"https:\/\/www.kbmedshop.ch\/fr\/mentions-legales\/\" \/>\n<meta property=\"og:locale\" content=\"fr_FR\" \/>\n<meta property=\"og:type\" content=\"article\" \/>\n<meta property=\"og:title\" content=\"Mentions L\u00e9gales - KB Med\" \/>\n<meta property=\"og:description\" content=\"Retrouvez les mentions l\u00e9gales de KB Medizin Technik GmbH : informations sur l\u2019\u00e9diteur, les droits et les obligations l\u00e9gales.\" \/>\n<meta property=\"og:url\" content=\"https:\/\/www.kbmedshop.ch\/fr\/mentions-legales\/\" \/>\n<meta property=\"og:site_name\" content=\"KB Med\" \/>\n<meta property=\"article:modified_time\" content=\"2025-04-28T07:54:57+00:00\" \/>\n<meta name=\"twitter:card\" content=\"summary_large_image\" \/>\n<meta name=\"twitter:label1\" content=\"Dur\u00e9e de lecture estim\u00e9e\" \/>\n\t<meta name=\"twitter:data1\" content=\"1 minute\" \/>\n<script type=\"application\/ld+json\" class=\"yoast-schema-graph\">{\"@context\":\"https:\/\/schema.org\",\"@graph\":[{\"@type\":\"WebPage\",\"@id\":\"https:\/\/www.kbmedshop.ch\/fr\/mentions-legales\/\",\"url\":\"https:\/\/www.kbmedshop.ch\/fr\/mentions-legales\/\",\"name\":\"Mentions L\u00e9gales - KB Med\",\"isPartOf\":{\"@id\":\"https:\/\/www.kbmedshop.ch\/fr\/#website\"},\"datePublished\":\"2025-04-16T11:53:23+00:00\",\"dateModified\":\"2025-04-28T07:54:57+00:00\",\"description\":\"Retrouvez les mentions l\u00e9gales de KB Medizin Technik GmbH : informations sur l\u2019\u00e9diteur, les droits et les obligations l\u00e9gales.\",\"breadcrumb\":{\"@id\":\"https:\/\/www.kbmedshop.ch\/fr\/mentions-legales\/#breadcrumb\"},\"inLanguage\":\"fr-FR\",\"potentialAction\":[{\"@type\":\"ReadAction\",\"target\":[\"https:\/\/www.kbmedshop.ch\/fr\/mentions-legales\/\"]}]},{\"@type\":\"BreadcrumbList\",\"@id\":\"https:\/\/www.kbmedshop.ch\/fr\/mentions-legales\/#breadcrumb\",\"itemListElement\":[{\"@type\":\"ListItem\",\"position\":1,\"name\":\"Accueil\",\"item\":\"https:\/\/www.kbmedshop.ch\/fr\/\"},{\"@type\":\"ListItem\",\"position\":2,\"name\":\"Mentions L\u00e9gales\"}]},{\"@type\":\"WebSite\",\"@id\":\"https:\/\/www.kbmedshop.ch\/fr\/#website\",\"url\":\"https:\/\/www.kbmedshop.ch\/fr\/\",\"name\":\"Kbmed\",\"description\":\"\",\"potentialAction\":[{\"@type\":\"SearchAction\",\"target\":{\"@type\":\"EntryPoint\",\"urlTemplate\":\"https:\/\/www.kbmedshop.ch\/fr\/?s={search_term_string}\"},\"query-input\":{\"@type\":\"PropertyValueSpecification\",\"valueRequired\":true,\"valueName\":\"search_term_string\"}}],\"inLanguage\":\"fr-FR\"}]}<\/script>\n<!-- \/ Yoast SEO plugin. -->","yoast_head_json":{"title":"Mentions L\u00e9gales - KB Med","description":"Retrouvez les mentions l\u00e9gales de KB Medizin Technik GmbH : informations sur l\u2019\u00e9diteur, les droits et les obligations l\u00e9gales.","robots":{"index":"index","follow":"follow","max-snippet":"max-snippet:-1","max-image-preview":"max-image-preview:large","max-video-preview":"max-video-preview:-1"},"canonical":"https:\/\/www.kbmedshop.ch\/fr\/mentions-legales\/","og_locale":"fr_FR","og_type":"article","og_title":"Mentions L\u00e9gales - KB Med","og_description":"Retrouvez les mentions l\u00e9gales de KB Medizin Technik GmbH : informations sur l\u2019\u00e9diteur, les droits et les obligations l\u00e9gales.","og_url":"https:\/\/www.kbmedshop.ch\/fr\/mentions-legales\/","og_site_name":"KB Med","article_modified_time":"2025-04-28T07:54:57+00:00","twitter_card":"summary_large_image","twitter_misc":{"Dur\u00e9e de lecture estim\u00e9e":"1 minute"},"schema":{"@context":"https:\/\/schema.org","@graph":[{"@type":"WebPage","@id":"https:\/\/www.kbmedshop.ch\/fr\/mentions-legales\/","url":"https:\/\/www.kbmedshop.ch\/fr\/mentions-legales\/","name":"Mentions L\u00e9gales - KB Med","isPartOf":{"@id":"https:\/\/www.kbmedshop.ch\/fr\/#website"},"datePublished":"2025-04-16T11:53:23+00:00","dateModified":"2025-04-28T07:54:57+00:00","description":"Retrouvez les mentions l\u00e9gales de KB Medizin Technik GmbH : informations sur l\u2019\u00e9diteur, les droits et les obligations l\u00e9gales.","breadcrumb":{"@id":"https:\/\/www.kbmedshop.ch\/fr\/mentions-legales\/#breadcrumb"},"inLanguage":"fr-FR","potentialAction":[{"@type":"ReadAction","target":["https:\/\/www.kbmedshop.ch\/fr\/mentions-legales\/"]}]},{"@type":"BreadcrumbList","@id":"https:\/\/www.kbmedshop.ch\/fr\/mentions-legales\/#breadcrumb","itemListElement":[{"@type":"ListItem","position":1,"name":"Accueil","item":"https:\/\/www.kbmedshop.ch\/fr\/"},{"@type":"ListItem","position":2,"name":"Mentions L\u00e9gales"}]},{"@type":"WebSite","@id":"https:\/\/www.kbmedshop.ch\/fr\/#website","url":"https:\/\/www.kbmedshop.ch\/fr\/","name":"Kbmed","description":"","potentialAction":[{"@type":"SearchAction","target":{"@type":"EntryPoint","urlTemplate":"https:\/\/www.kbmedshop.ch\/fr\/?s={search_term_string}"},"query-input":{"@type":"PropertyValueSpecification","valueRequired":true,"valueName":"search_term_string"}}],"inLanguage":"fr-FR"}]}},"_links":{"self":[{"href":"https:\/\/www.kbmedshop.ch\/fr\/wp-json\/wp\/v2\/pages\/1123","targetHints":{"allow":["GET"]}}],"collection":[{"href":"https:\/\/www.kbmedshop.ch\/fr\/wp-json\/wp\/v2\/pages"}],"about":[{"href":"https:\/\/www.kbmedshop.ch\/fr\/wp-json\/wp\/v2\/types\/page"}],"author":[{"embeddable":true,"href":"https:\/\/www.kbmedshop.ch\/fr\/wp-json\/wp\/v2\/users\/4"}],"replies":[{"embeddable":true,"href":"https:\/\/www.kbmedshop.ch\/fr\/wp-json\/wp\/v2\/comments?post=1123"}],"version-history":[{"count":1,"href":"https:\/\/www.kbmedshop.ch\/fr\/wp-json\/wp\/v2\/pages\/1123\/revisions"}],"predecessor-version":[{"id":1124,"href":"https:\/\/www.kbmedshop.ch\/fr\/wp-json\/wp\/v2\/pages\/1123\/revisions\/1124"}],"wp:attachment":[{"href":"https:\/\/www.kbmedshop.ch\/fr\/wp-json\/wp\/v2\/media?parent=1123"}],"curies":[{"name":"wp","href":"https:\/\/api.w.org\/{rel}","templated":true}]}}